{"id":7,"date":"2020-12-20T13:22:42","date_gmt":"2020-12-20T13:22:42","guid":{"rendered":"https:\/\/nystedvej.dk\/?page_id=7"},"modified":"2020-12-20T15:46:00","modified_gmt":"2020-12-20T13:46:00","slug":"soeren-olsen-nystedvej","status":"publish","type":"page","link":"https:\/\/nystedvej.dk\/","title":{"rendered":"S\u00f8ren Olsen Nystedvej"},"content":{"rendered":"<h1><span style=\"color: #0000ff;\">S\u00f8ren Olsen Nystedvej<\/span><\/h1>\n<h2>Kontakt mig p\u00e5 telefon\u00a0 22 92 76 27<\/h2>\n<p>eller<\/p>\n<h2>mail\u00a0 soren@nystedvej23.dk<\/h2>\n<p>&#8230;indtil denne webside bliver f\u00e6rdiggjort.<\/p>\n<p>Sender du meddelelse pr. mail m\u00e5 du have forst\u00e5else for at der kan g\u00e5 lidt tid da jeg arbejder udend\u00f8rs det meste af tiden.<\/p>\n<p>&nbsp;<\/p>\n","protected":false},"excerpt":{"rendered":"<p>S\u00f8ren Olsen Nystedvej Kontakt mig p\u00e5 telefon\u00a0 22 92 76 27 eller mail\u00a0 soren@nystedvej23.dk &#8230;indtil denne webside bliver f\u00e6rdiggjort. Sender du meddelelse pr. mail m\u00e5 du have forst\u00e5else for at der kan g\u00e5 lidt tid da jeg arbejder udend\u00f8rs det meste af tiden. &nbsp;<\/p>\n","protected":false},"author":1,"featured_media":0,"parent":0,"menu_order":0,"comment_status":"closed","ping_status":"closed","template":"page-templates\/page_fullwidth.php","meta":[],"_links":{"self":[{"href":"https:\/\/nystedvej.dk\/index.php?rest_route=\/wp\/v2\/pages\/7"}],"collection":[{"href":"https:\/\/nystedvej.dk\/index.php?rest_route=\/wp\/v2\/pages"}],"about":[{"href":"https:\/\/nystedvej.dk\/index.php?rest_route=\/wp\/v2\/types\/page"}],"author":[{"embeddable":true,"href":"https:\/\/nystedvej.dk\/index.php?rest_route=\/wp\/v2\/users\/1"}],"replies":[{"embeddable":true,"href":"https:\/\/nystedvej.dk\/index.php?rest_route=%2Fwp%2Fv2%2Fcomments&post=7"}],"version-history":[{"count":3,"href":"https:\/\/nystedvej.dk\/index.php?rest_route=\/wp\/v2\/pages\/7\/revisions"}],"predecessor-version":[{"id":19,"href":"https:\/\/nystedvej.dk\/index.php?rest_route=\/wp\/v2\/pages\/7\/revisions\/19"}],"wp:attachment":[{"href":"https:\/\/nystedvej.dk\/index.php?rest_route=%2Fwp%2Fv2%2Fmedia&parent=7"}],"curies":[{"name":"wp","href":"https:\/\/api.w.org\/{rel}","templated":true}]}}